{"id":6257,"date":"2022-08-03T12:23:33","date_gmt":"2022-08-03T12:23:33","guid":{"rendered":"https:\/\/icelandcraft.is\/?post_type=product&#038;p=6257"},"modified":"2022-08-03T12:33:58","modified_gmt":"2022-08-03T12:33:58","slug":"aegir-bretti-ur-rekavid-40x29-cm","status":"publish","type":"product","link":"https:\/\/icelandcraft.is\/en\/product\/aegir-bretti-ur-rekavid-40x29-cm\/","title":{"rendered":"\u00c6gir  Bretti \u00far rekavi\u00f0 40&#215;29 cm"},"content":{"rendered":"<p>Platter made of driftwood size and shape come from the material. oiled for protection. <\/p>\n","protected":false},"excerpt":{"rendered":"<p>Platter made of driftwood size and shape come from the material. oiled for protection.<\/p>\n","protected":false},"featured_media":6258,"template":"","meta":[],"product_brand":[],"product_cat":[202,155],"product_tag":[],"class_list":{"0":"post-6257","1":"product","2":"type-product","3":"status-publish","4":"has-post-thumbnail","6":"product_cat-aegir-platters-made-from-driftwood","7":"product_cat-platter","9":"first","10":"instock","11":"taxable","12":"shipping-taxable","13":"purchasable","14":"product-type-simple"},"_links":{"self":[{"href":"https:\/\/icelandcraft.is\/en\/wp-json\/wp\/v2\/product\/6257","targetHints":{"allow":["GET"]}}],"collection":[{"href":"https:\/\/icelandcraft.is\/en\/wp-json\/wp\/v2\/product"}],"about":[{"href":"https:\/\/icelandcraft.is\/en\/wp-json\/wp\/v2\/types\/product"}],"wp:featuredmedia":[{"embeddable":true,"href":"https:\/\/icelandcraft.is\/en\/wp-json\/wp\/v2\/media\/6258"}],"wp:attachment":[{"href":"https:\/\/icelandcraft.is\/en\/wp-json\/wp\/v2\/media?parent=6257"}],"wp:term":[{"taxonomy":"product_brand","embeddable":true,"href":"https:\/\/icelandcraft.is\/en\/wp-json\/wp\/v2\/product_brand?post=6257"},{"taxonomy":"product_cat","embeddable":true,"href":"https:\/\/icelandcraft.is\/en\/wp-json\/wp\/v2\/product_cat?post=6257"},{"taxonomy":"product_tag","embeddable":true,"href":"https:\/\/icelandcraft.is\/en\/wp-json\/wp\/v2\/product_tag?post=6257"}],"curies":[{"name":"wp","href":"https:\/\/api.w.org\/{rel}","templated":true}]}}